{"id":112,"date":"2024-09-19T14:57:29","date_gmt":"2024-09-19T12:57:29","guid":{"rendered":"https:\/\/dentalmargic.hr\/?page_id=112"},"modified":"2025-01-15T08:58:22","modified_gmt":"2025-01-15T07:58:22","slug":"o-nama","status":"publish","type":"page","link":"https:\/\/dentalmargic.hr\/en\/about-us\/","title":{"rendered":"About us"},"content":{"rendered":"<p>[et_pb_section fb_built=&#8221;1&#8243; _builder_version=&#8221;4.27.0&#8243; _module_preset=&#8221;default&#8221; background_color=&#8221;#F1F0EF&#8221; custom_margin=&#8221;0px|0px|0px|0px|true|true&#8221; custom_padding=&#8221;0px|0px|2rem|0px|false|true&#8221; global_colors_info=&#8221;{}&#8221;][et_pb_row column_structure=&#8221;1_2,1_2&#8243; _builder_version=&#8221;4.27.0&#8243; _module_preset=&#8221;default&#8221; width=&#8221;100%&#8221; custom_margin=&#8221;|0px||0px|false|true&#8221; custom_padding=&#8221;0px|0px|0px|0px|true|true&#8221; global_colors_info=&#8221;{}&#8221;][et_pb_column type=&#8221;1_2&#8243; _builder_version=&#8221;4.27.0&#8243; _module_preset=&#8221;default&#8221; custom_padding=&#8221;5rem|5%||5%|false|true&#8221; custom_padding_tablet=&#8221;3rem|5%||5%|false|true&#8221; custom_padding_phone=&#8221;2.5rem||||false|true&#8221; custom_padding_last_edited=&#8221;on|tablet&#8221; global_colors_info=&#8221;{}&#8221;][et_pb_text _builder_version=&#8221;4.27.4&#8243; _module_preset=&#8221;default&#8221; header_font=&#8221;&#8211;et_global_heading_font||||||||&#8221; header_text_color=&#8221;#707070&#8243; header_font_size=&#8221;36px&#8221; custom_margin=&#8221;||1rem||false|false&#8221; custom_margin_tablet=&#8221;||1rem||false|false&#8221; custom_margin_phone=&#8221;||0.5rem||false|false&#8221; custom_margin_last_edited=&#8221;on|phone&#8221; header_font_size_tablet=&#8221;30px&#8221; header_font_size_phone=&#8221;24px&#8221; header_font_size_last_edited=&#8221;on|phone&#8221; content_en_gb=&#8221;<\/p>\n<h1>About the office<\/h1>\n<p>&#8221; global_colors_info=&#8221;{}&#8221;]<\/p>\n<h1>O ordinaciji<\/h1>\n<p>[\/et_pb_text][et_pb_text _builder_version=&#8221;4.27.0&#8243; _module_preset=&#8221;default&#8221; text_font=&#8221;&#8211;et_global_body_font||||||||&#8221; text_text_color=&#8221;#707070&#8243; text_font_size=&#8221;22px&#8221; text_line_height=&#8221;35px&#8221; max_width=&#8221;750px&#8221; custom_margin=&#8221;||||false|false&#8221; text_font_size_tablet=&#8221;18px&#8221; text_font_size_phone=&#8221;16px&#8221; text_font_size_last_edited=&#8221;on|phone&#8221; content_en_gb=&#8221;<\/p>\n<p>Our practice has been taking care of the oral health of the residents of Sisak for many years. We are located in the Sisak Health Center building, in the famous \u201c\u017deljezara\u201d, and our team has been dedicated to providing top-notch dental care for over 40 years. DMD Marijana Margi\u0107, known as \u201cCica\u201d, together with nurse Marija, has been beautifying the smiles of our patients for years. In 2012, DMD Darija Starinec Lukini\u0107-Paun joined the team, and since 2016, DMD Helena Margi\u0107, a university specialist in dental medicine.<\/p>\n<p>Today, the expert team consists of Helena Margi\u0107, univ. mag. med. dent. and Tatjana \u0160trk, bacc. med. techn.<\/p>\n<p>Visit us and let yourself be pampered by the expert hands of our team \u2013 your health and smile are our top priority!<\/p>\n<p>&#8221; global_colors_info=&#8221;{}&#8221;]<\/p>\n<p>Na\u0161a ordinacija ve\u0107 dugi niz godina brine o oralnom zdravlju stanovnika Siska. Smje\u0161teni smo u zgradi Doma zdravlja Sisak, u poznatoj \u201c\u017deljezari\u201d, na\u0161 tim predano pru\u017ea vrhunsku dentalnu skrb ve\u0107 preko 40 godina. DMD Marijana Margi\u0107, poznata kao \u201cCica\u201d, zajedno s medicinskom sestrom Marijom, godinama je uljep\u0161avala osmijehe na\u0161ih pacijenata. Godine 2012. timu se pridru\u017euje DMD Darija Starinec Lukini\u0107-Paun, a od 2016. godine i DMD Helena Margi\u0107, sveu\u010dili\u0161na specijalistica dentalne medicine.<\/p>\n<p>Danas stru\u010dni tim \u010dine Helena Margi\u0107, univ. mag. med. dent. i Tatjana \u0160trk, bacc. med. techn.<\/p>\n<p>Posjetite nas i prepustite se stru\u010dnim rukama na\u0161eg tima \u2013 va\u0161e zdravlje i osmijeh su nam na prvom mjestu!<\/p>\n<p>[\/et_pb_text][et_pb_button button_url=&#8221;@ET-DC@eyJkeW5hbWljIjp0cnVlLCJjb250ZW50IjoicG9zdF9saW5rX3VybF9wYWdlIiwic2V0dGluZ3MiOnsicG9zdF9pZCI6IjMxMyJ9fQ==@&#8221; button_text=&#8221;Zaka\u017eite termin!&#8221; button_alignment=&#8221;left&#8221; button_alignment_tablet=&#8221;center&#8221; button_alignment_phone=&#8221;center&#8221; button_alignment_last_edited=&#8221;on|desktop&#8221; _builder_version=&#8221;4.27.0&#8243; _dynamic_attributes=&#8221;button_url&#8221; _module_preset=&#8221;_initial&#8221; custom_button=&#8221;on&#8221; button_text_size=&#8221;27px&#8221; button_text_color=&#8221;#FFFFFF&#8221; button_bg_color=&#8221;#EC6E80&#8243; button_border_width=&#8221;0px&#8221; button_border_radius=&#8221;12px&#8221; button_letter_spacing=&#8221;0.02em&#8221; button_font=&#8221;&#8211;et_global_body_font||||||||&#8221; button_use_icon=&#8221;off&#8221; custom_margin=&#8221;3rem||||false|false&#8221; custom_padding=&#8221;1rem|5%|0.7rem|5%|false|true&#8221; button_text_size_tablet=&#8221;24px&#8221; button_text_size_phone=&#8221;20px&#8221; button_text_size_last_edited=&#8221;on|phone&#8221; button_text_en_gb=&#8221;Make an appointment!&#8221; locked=&#8221;off&#8221; global_colors_info=&#8221;{}&#8221; button_bg_color__hover_enabled=&#8221;on|hover&#8221; button_bg_color__hover=&#8221;#ce495a&#8221; button_bg_enable_color__hover=&#8221;on&#8221; button_text_color__hover_enabled=&#8221;on|desktop&#8221; button_text_color__hover=&#8221;#FFFFFF&#8221;][\/et_pb_button][\/et_pb_column][et_pb_column type=&#8221;1_2&#8243; _builder_version=&#8221;4.27.0&#8243; _module_preset=&#8221;default&#8221; custom_padding=&#8221;|30px|||false|false&#8221; custom_padding_tablet=&#8221;|0px|||false|false&#8221; custom_padding_phone=&#8221;|0px|||false|false&#8221; custom_padding_last_edited=&#8221;on|tablet&#8221; global_colors_info=&#8221;{}&#8221;][et_pb_image src=&#8221;https:\/\/dentalmargic.hr\/wp-content\/uploads\/FOTO-WEB-KVADRATNI-FORMAT-HQ-6-scaled.jpg&#8221; alt=&#8221;dental margic image of team&#8221; title_text=&#8221;FOTO WEB KVADRATNI FORMAT HQ (6)&#8221; _builder_version=&#8221;4.27.0&#8243; _module_preset=&#8221;default&#8221; global_colors_info=&#8221;{}&#8221;][\/et_pb_image][\/et_pb_column][\/et_pb_row][et_pb_row column_structure=&#8221;1_2,1_2&#8243; use_custom_gutter=&#8221;on&#8221; gutter_width=&#8221;1&#8243; make_equal=&#8221;on&#8221; _builder_version=&#8221;4.27.0&#8243; _module_preset=&#8221;default&#8221; width=&#8221;100%&#8221; custom_margin=&#8221;2rem||2rem||true|false&#8221; custom_padding=&#8221;|2rem||2rem|false|true&#8221; locked=&#8221;off&#8221; global_colors_info=&#8221;{}&#8221;][et_pb_column type=&#8221;1_2&#8243; _builder_version=&#8221;4.27.0&#8243; _module_preset=&#8221;default&#8221; custom_padding=&#8221;|0.5rem||0.5rem|false|true&#8221; global_colors_info=&#8221;{}&#8221;][et_pb_image src=&#8221;https:\/\/dentalmargic.hr\/wp-content\/uploads\/FOTO-WEB-KVADRATNI-FORMAT-HQ-1-scaled.jpg&#8221; alt=&#8221;dental margic history&#8221; title_text=&#8221;FOTO WEB KVADRATNI FORMAT HQ (1)&#8221; _builder_version=&#8221;4.27.0&#8243; _module_preset=&#8221;default&#8221; global_colors_info=&#8221;{}&#8221;][\/et_pb_image][\/et_pb_column][et_pb_column type=&#8221;1_2&#8243; _builder_version=&#8221;4.27.0&#8243; _module_preset=&#8221;default&#8221; custom_padding=&#8221;|0.5rem||0.5rem|false|true&#8221; global_colors_info=&#8221;{}&#8221;][et_pb_text _builder_version=&#8221;4.27.0&#8243; _module_preset=&#8221;default&#8221; text_font=&#8221;&#8211;et_global_body_font||||||||&#8221; text_text_color=&#8221;#707070&#8243; text_font_size=&#8221;22px&#8221; text_line_height=&#8221;35px&#8221; positioning=&#8221;absolute&#8221; position_origin_a=&#8221;bottom_center&#8221; position_origin_a_tablet=&#8221;bottom_center&#8221; position_origin_a_phone=&#8221;bottom_center&#8221; position_origin_a_last_edited=&#8221;on|tablet&#8221; position_origin_f_tablet=&#8221;&#8221; position_origin_f_phone=&#8221;&#8221; position_origin_f_last_edited=&#8221;on|tablet&#8221; position_origin_r_tablet=&#8221;&#8221; position_origin_r_phone=&#8221;&#8221; position_origin_r_last_edited=&#8221;on|phone&#8221; width=&#8221;100%&#8221; max_width=&#8221;750px&#8221; custom_margin=&#8221;||||false|false&#8221; custom_padding=&#8221;10px||||false|false&#8221; text_font_size_tablet=&#8221;18px&#8221; text_font_size_phone=&#8221;16px&#8221; text_font_size_last_edited=&#8221;on|phone&#8221; text_line_height_tablet=&#8221;35px&#8221; text_line_height_phone=&#8221;20px&#8221; text_line_height_last_edited=&#8221;on|phone&#8221; positioning_tablet=&#8221;relative&#8221; positioning_phone=&#8221;relative&#8221; positioning_last_edited=&#8221;on|tablet&#8221; content_en_gb=&#8221;<\/p>\n<p>Doctor Marijana Margi\u0107 %22Cica%22, 1991.<\/p>\n<p>&#8221; locked=&#8221;off&#8221; global_colors_info=&#8221;{}&#8221;]<\/p>\n<p>Doktorica Marijana Margi\u0107 &#8220;Cica&#8221;, 1991.<\/p>\n<p>[\/et_pb_text][\/et_pb_column][\/et_pb_row][et_pb_row column_structure=&#8221;1_2,1_2&#8243; use_custom_gutter=&#8221;on&#8221; gutter_width=&#8221;1&#8243; make_equal=&#8221;on&#8221; _builder_version=&#8221;4.27.0&#8243; _module_preset=&#8221;default&#8221; width=&#8221;100%&#8221; custom_margin=&#8221;2rem||2rem||true|false&#8221; custom_padding=&#8221;|2rem||2rem|false|true&#8221; locked=&#8221;off&#8221; global_colors_info=&#8221;{}&#8221;][et_pb_column type=&#8221;1_2&#8243; _builder_version=&#8221;4.27.0&#8243; _module_preset=&#8221;default&#8221; custom_padding=&#8221;|0.5rem||0.5rem|false|true&#8221; global_colors_info=&#8221;{}&#8221;][et_pb_image src=&#8221;https:\/\/dentalmargic.hr\/wp-content\/uploads\/FOTO-WEB-KVADRATNI-FORMAT-HQ-5-scaled.jpg&#8221; alt=&#8221;dental margic in work&#8221; title_text=&#8221;FOTO WEB KVADRATNI FORMAT HQ (5)&#8221; _builder_version=&#8221;4.27.0&#8243; _module_preset=&#8221;default&#8221; custom_margin_tablet=&#8221;||3rem||false|false&#8221; custom_margin_phone=&#8221;||2rem||false|false&#8221; custom_margin_last_edited=&#8221;on|phone&#8221; global_colors_info=&#8221;{}&#8221;][\/et_pb_image][\/et_pb_column][et_pb_column type=&#8221;1_2&#8243; _builder_version=&#8221;4.27.0&#8243; _module_preset=&#8221;default&#8221; custom_padding=&#8221;|0.5rem||0.5rem|false|true&#8221; global_colors_info=&#8221;{}&#8221;][et_pb_image src=&#8221;https:\/\/dentalmargic.hr\/wp-content\/uploads\/FOTO-WEB-KVADRATNI-FORMAT-HQ-4-scaled.jpg&#8221; alt=&#8221;dental margic team in work&#8221; title_text=&#8221;FOTO WEB KVADRATNI FORMAT HQ (4)&#8221; _builder_version=&#8221;4.27.0&#8243; _module_preset=&#8221;default&#8221; locked=&#8221;off&#8221; global_colors_info=&#8221;{}&#8221;][\/et_pb_image][\/et_pb_column][\/et_pb_row][et_pb_row custom_padding_last_edited=&#8221;on|phone&#8221; _builder_version=&#8221;4.27.0&#8243; _module_preset=&#8221;default&#8221; custom_margin=&#8221;0px||0px||true|false&#8221; custom_padding=&#8221;8%||0px||false|false&#8221; custom_padding_tablet=&#8221;||5%||false|false&#8221; custom_padding_phone=&#8221;||5%||false|false&#8221; locked=&#8221;off&#8221; global_colors_info=&#8221;{}&#8221;][et_pb_column type=&#8221;4_4&#8243; _builder_version=&#8221;4.22.1&#8243; _module_preset=&#8221;default&#8221; global_colors_info=&#8221;{}&#8221;][et_pb_text _builder_version=&#8221;4.27.0&#8243; _module_preset=&#8221;_initial&#8221; text_font=&#8221;&#8211;et_global_heading_font||||||||&#8221; text_text_color=&#8221;#707070&#8243; text_font_size=&#8221;36px&#8221; text_line_height=&#8221;1.6em&#8221; header_2_font=&#8221;&#8211;et_global_heading_font|500|||||||&#8221; header_2_text_color=&#8221;#707070&#8243; header_2_font_size=&#8221;60px&#8221; header_2_line_height=&#8221;1.2em&#8221; text_orientation=&#8221;center&#8221; max_width=&#8221;920px&#8221; module_alignment=&#8221;center&#8221; custom_margin=&#8221;||||false|false&#8221; text_font_size_tablet=&#8221;30px&#8221; text_font_size_phone=&#8221;24px&#8221; text_font_size_last_edited=&#8221;on|desktop&#8221; text_line_height_tablet=&#8221;1.5em&#8221; text_line_height_phone=&#8221;1.4em&#8221; text_line_height_last_edited=&#8221;on|phone&#8221; header_2_font_size_tablet=&#8221;40px&#8221; header_2_font_size_phone=&#8221;24px&#8221; header_2_font_size_last_edited=&#8221;on|desktop&#8221; content_en_gb=&#8221;<\/p>\n<p>Do you have an emergency?<br \/>Contact us!<\/p>\n<p>&#8221; global_colors_info=&#8221;{}&#8221;]<\/p>\n<p>Imate hitni slu\u010daj?<br \/>Javite nam se!<\/p>\n<p>[\/et_pb_text][\/et_pb_column][\/et_pb_row][et_pb_row _builder_version=&#8221;4.27.0&#8243; _module_preset=&#8221;default&#8221; custom_margin=&#8221;0px||0px||true|false&#8221; custom_padding=&#8221;8%||8%||true|false&#8221; global_module=&#8221;676&#8243; global_colors_info=&#8221;{}&#8221;][et_pb_column type=&#8221;4_4&#8243; _builder_version=&#8221;4.22.1&#8243; _module_preset=&#8221;default&#8221; global_colors_info=&#8221;{}&#8221;][et_pb_button button_url=&#8221;@ET-DC@eyJkeW5hbWljIjp0cnVlLCJjb250ZW50IjoicG9zdF9saW5rX3VybF9wYWdlIiwic2V0dGluZ3MiOnsicG9zdF9pZCI6IjMxMyJ9fQ==@&#8221; button_text=&#8221;Zaka\u017eite termin!&#8221; button_alignment=&#8221;center&#8221; _builder_version=&#8221;4.27.0&#8243; _dynamic_attributes=&#8221;button_url&#8221; _module_preset=&#8221;_initial&#8221; custom_button=&#8221;on&#8221; button_text_size=&#8221;27px&#8221; button_text_color=&#8221;#FFFFFF&#8221; button_bg_color=&#8221;#EC6E80&#8243; button_border_width=&#8221;0px&#8221; button_border_radius=&#8221;12px&#8221; button_letter_spacing=&#8221;0.02em&#8221; button_font=&#8221;&#8211;et_global_body_font||||||||&#8221; button_use_icon=&#8221;off&#8221; custom_padding=&#8221;1rem|5%|0.7rem|5%|false|true&#8221; button_text_size_tablet=&#8221;24px&#8221; button_text_size_phone=&#8221;20px&#8221; button_text_size_last_edited=&#8221;on|desktop&#8221; button_text_en_gb=&#8221;Make an appointment!&#8221; locked=&#8221;off&#8221; global_colors_info=&#8221;{}&#8221; button_bg_color__hover_enabled=&#8221;on|hover&#8221; button_bg_color__hover=&#8221;#ce4a5b&#8221; button_bg_enable_color__hover=&#8221;on&#8221; button_text_color__hover_enabled=&#8221;on|hover&#8221; button_text_color__hover=&#8221;#FFFFFF&#8221;][\/et_pb_button][\/et_pb_column][\/et_pb_row][\/et_pb_section]<\/p>\n","protected":false},"excerpt":{"rendered":"<p>O ordinacijiNa\u0161a ordinacija ve\u0107 dugi niz godina brine o oralnom zdravlju stanovnika Siska. Smje\u0161teni smo u zgradi Doma zdravlja Sisak, u poznatoj \u201c\u017deljezari\u201d, na\u0161 tim predano pru\u017ea vrhunsku dentalnu skrb ve\u0107 preko 40 godina. DMD Marijana Margi\u0107, poznata kao \u201cCica\u201d, zajedno s medicinskom sestrom Marijom, godinama je uljep\u0161avala osmijehe na\u0161ih pacijenata. Godine 2012. timu se [&hellip;]<\/p>\n","protected":false},"author":1,"featured_media":0,"parent":0,"menu_order":0,"comment_status":"closed","ping_status":"closed","template":"","meta":{"_et_pb_use_builder":"on","_et_pb_old_content":"","_et_gb_content_width":"","footnotes":""},"class_list":["post-112","page","type-page","status-publish","hentry"],"_links":{"self":[{"href":"https:\/\/dentalmargic.hr\/en\/wp-json\/wp\/v2\/pages\/112","targetHints":{"allow":["GET"]}}],"collection":[{"href":"https:\/\/dentalmargic.hr\/en\/wp-json\/wp\/v2\/pages"}],"about":[{"href":"https:\/\/dentalmargic.hr\/en\/wp-json\/wp\/v2\/types\/page"}],"author":[{"embeddable":true,"href":"https:\/\/dentalmargic.hr\/en\/wp-json\/wp\/v2\/users\/1"}],"replies":[{"embeddable":true,"href":"https:\/\/dentalmargic.hr\/en\/wp-json\/wp\/v2\/comments?post=112"}],"version-history":[{"count":58,"href":"https:\/\/dentalmargic.hr\/en\/wp-json\/wp\/v2\/pages\/112\/revisions"}],"predecessor-version":[{"id":1002,"href":"https:\/\/dentalmargic.hr\/en\/wp-json\/wp\/v2\/pages\/112\/revisions\/1002"}],"wp:attachment":[{"href":"https:\/\/dentalmargic.hr\/en\/wp-json\/wp\/v2\/media?parent=112"}],"curies":[{"name":"wp","href":"https:\/\/api.w.org\/{rel}","templated":true}]}}