{"id":318,"date":"2024-09-23T14:09:11","date_gmt":"2024-09-23T12:09:11","guid":{"rendered":"https:\/\/dentalmargic.hr\/?page_id=318"},"modified":"2025-12-03T11:13:13","modified_gmt":"2025-12-03T10:13:13","slug":"savjeti","status":"publish","type":"page","link":"https:\/\/dentalmargic.hr\/en\/advice\/","title":{"rendered":"Advice"},"content":{"rendered":"<p>[et_pb_section fb_built=&#8221;1&#8243; _builder_version=&#8221;4.27.0&#8243; _module_preset=&#8221;default&#8221; background_color=&#8221;#F1F0EF&#8221; custom_margin=&#8221;0px|0px|0px|0px|true|true&#8221; custom_padding=&#8221;0px|0px|0px|0px|true|true&#8221; locked=&#8221;off&#8221; global_colors_info=&#8221;{}&#8221;][et_pb_row column_structure=&#8221;1_2,1_2&#8243; _builder_version=&#8221;4.27.0&#8243; _module_preset=&#8221;default&#8221; width=&#8221;100%&#8221; custom_margin=&#8221;|0px||0px|false|true&#8221; custom_padding=&#8221;0px|0px|0px|0px|true|true&#8221; global_colors_info=&#8221;{}&#8221;][et_pb_column type=&#8221;1_2&#8243; _builder_version=&#8221;4.27.0&#8243; _module_preset=&#8221;default&#8221; custom_padding=&#8221;5rem|5%||5%|false|true&#8221; custom_padding_tablet=&#8221;3rem|5%||5%|false|true&#8221; custom_padding_phone=&#8221;2.5rem||||false|true&#8221; custom_padding_last_edited=&#8221;on|phone&#8221; global_colors_info=&#8221;{}&#8221;][et_pb_text _builder_version=&#8221;4.27.4&#8243; _module_preset=&#8221;default&#8221; header_font=&#8221;&#8211;et_global_heading_font||||||||&#8221; header_text_color=&#8221;#707070&#8243; header_font_size=&#8221;36px&#8221; custom_margin=&#8221;||1rem||false|false&#8221; custom_margin_tablet=&#8221;||1rem||false|false&#8221; custom_margin_phone=&#8221;||0.5rem||false|false&#8221; custom_margin_last_edited=&#8221;on|phone&#8221; header_font_size_tablet=&#8221;30px&#8221; header_font_size_phone=&#8221;24px&#8221; header_font_size_last_edited=&#8221;on|desktop&#8221; content_en_gb=&#8221;<\/p>\n<h1>Dental medicine advice<\/h1>\n<p>&#8221; global_colors_info=&#8221;{}&#8221;]<\/p>\n<h1>Savjeti dentalne medicine<\/h1>\n<p>[\/et_pb_text][et_pb_text _builder_version=&#8221;4.27.0&#8243; _module_preset=&#8221;default&#8221; text_font=&#8221;&#8211;et_global_body_font||||||||&#8221; text_text_color=&#8221;#707070&#8243; text_font_size=&#8221;22px&#8221; text_line_height=&#8221;35px&#8221; max_width=&#8221;750px&#8221; custom_margin=&#8221;||||false|false&#8221; text_font_size_tablet=&#8221;18px&#8221; text_font_size_phone=&#8221;16px&#8221; text_font_size_last_edited=&#8221;on|phone&#8221; content_en_gb=&#8221;<\/p>\n<p>Your trusted place for all your dental health and care information. Here you&#8217;ll find expert recommendations, helpful tricks, and the latest dental trends to help you keep your smile healthy and bright. Taking care of your teeth has never been easier.<\/p>\n<p>&#8221; global_colors_info=&#8221;{}&#8221;]<\/p>\n<p>Va\u0161e pouzdano mjesto za sve informacije vezane uz zdravlje i njegu zubi. Ovdje \u0107ete prona\u0107i stru\u010dne preporuke, korisne trikove i najnovije trendove u stomatologiji koji \u0107e vam pomo\u0107i da odr\u017eite svoj osmijeh zdravim i blistavim. Briga o zubima nikada nije bila jednostavnija<\/p>\n<p>[\/et_pb_text][\/et_pb_column][et_pb_column type=&#8221;1_2&#8243; _builder_version=&#8221;4.27.0&#8243; _module_preset=&#8221;default&#8221; custom_padding=&#8221;||||false|false&#8221; global_colors_info=&#8221;{}&#8221;][et_pb_image src=&#8221;https:\/\/dentalmargic.hr\/wp-content\/uploads\/FOTO-WEB-KVADRATNI-FORMAT-HQ-7-scaled.jpg&#8221; alt=&#8221;dental margic&#8221; title_text=&#8221;FOTO WEB KVADRATNI FORMAT HQ (7)&#8221; align=&#8221;center&#8221; _builder_version=&#8221;4.27.0&#8243; _module_preset=&#8221;default&#8221; max_width=&#8221;780px&#8221; module_alignment=&#8221;center&#8221; global_colors_info=&#8221;{}&#8221;][\/et_pb_image][\/et_pb_column][\/et_pb_row][\/et_pb_section][et_pb_section fb_built=&#8221;1&#8243; admin_label=&#8221;Blog&#8221; _builder_version=&#8221;4.22.1&#8243; _module_preset=&#8221;default&#8221; locked=&#8221;off&#8221; collapsed=&#8221;off&#8221; global_colors_info=&#8221;{}&#8221;][et_pb_row _builder_version=&#8221;4.27.0&#8243; _module_preset=&#8221;default&#8221; width=&#8221;90%&#8221; locked=&#8221;off&#8221; global_colors_info=&#8221;{}&#8221;][et_pb_column type=&#8221;4_4&#8243; _builder_version=&#8221;4.22.1&#8243; _module_preset=&#8221;default&#8221; global_colors_info=&#8221;{}&#8221;][et_pb_blog fullwidth=&#8221;off&#8221; posts_number=&#8221;999&#8243; include_categories=&#8221;8&#8243; meta_date=&#8221;j. F Y.&#8221; show_author=&#8221;off&#8221; show_excerpt=&#8221;off&#8221; _builder_version=&#8221;4.27.4&#8243; _module_preset=&#8221;_initial&#8221; header_font=&#8221;&#8211;et_global_heading_font||||||||&#8221; header_text_color=&#8221;#707070&#8243; header_font_size=&#8221;24px&#8221; header_line_height=&#8221;1.4em&#8221; body_font=&#8221;&#8211;et_global_body_font||||||||&#8221; body_font_size=&#8221;18px&#8221; body_line_height=&#8221;1.8em&#8221; meta_font=&#8221;&#8211;et_global_body_font||||||||&#8221; meta_text_color=&#8221;#141414&#8243; meta_font_size=&#8221;14px&#8221; read_more_font=&#8221;&#8211;et_global_body_font|600||on|||||&#8221; read_more_text_color=&#8221;#F25A6C&#8221; read_more_letter_spacing=&#8221;0.16em&#8221; pagination_font=&#8221;&#8211;et_global_body_font|600||on|||||&#8221; pagination_text_color=&#8221;#F25A6C&#8221; pagination_letter_spacing=&#8221;0.16em&#8221; text_orientation=&#8221;left&#8221; module_alignment=&#8221;center&#8221; hover_enabled=&#8221;0&#8243; header_font_size_tablet=&#8221;20px&#8221; header_font_size_phone=&#8221;18px&#8221; header_font_size_last_edited=&#8221;on|phone&#8221; body_font_size_tablet=&#8221;18px&#8221; body_font_size_phone=&#8221;16px&#8221; body_font_size_last_edited=&#8221;on|desktop&#8221; meta_font_size_tablet=&#8221;13px&#8221; meta_font_size_phone=&#8221;11px&#8221; meta_font_size_last_edited=&#8221;on|phone&#8221; border_width_all=&#8221;0px&#8221; locked=&#8221;off&#8221; global_colors_info=&#8221;{}&#8221; sticky_enabled=&#8221;0&#8243;][\/et_pb_blog][\/et_pb_column][\/et_pb_row][\/et_pb_section]<\/p>\n","protected":false},"excerpt":{"rendered":"<p>Savjeti dentalne medicineVa\u0161e pouzdano mjesto za sve informacije vezane uz zdravlje i njegu zubi. Ovdje \u0107ete prona\u0107i stru\u010dne preporuke, korisne trikove i najnovije trendove u stomatologiji koji \u0107e vam pomo\u0107i da odr\u017eite svoj osmijeh zdravim i blistavim. Briga o zubima nikada nije bila jednostavnija<\/p>\n","protected":false},"author":1,"featured_media":0,"parent":0,"menu_order":0,"comment_status":"closed","ping_status":"closed","template":"","meta":{"_et_pb_use_builder":"on","_et_pb_old_content":"","_et_gb_content_width":"","footnotes":""},"class_list":["post-318","page","type-page","status-publish","hentry"],"_links":{"self":[{"href":"https:\/\/dentalmargic.hr\/en\/wp-json\/wp\/v2\/pages\/318","targetHints":{"allow":["GET"]}}],"collection":[{"href":"https:\/\/dentalmargic.hr\/en\/wp-json\/wp\/v2\/pages"}],"about":[{"href":"https:\/\/dentalmargic.hr\/en\/wp-json\/wp\/v2\/types\/page"}],"author":[{"embeddable":true,"href":"https:\/\/dentalmargic.hr\/en\/wp-json\/wp\/v2\/users\/1"}],"replies":[{"embeddable":true,"href":"https:\/\/dentalmargic.hr\/en\/wp-json\/wp\/v2\/comments?post=318"}],"version-history":[{"count":20,"href":"https:\/\/dentalmargic.hr\/en\/wp-json\/wp\/v2\/pages\/318\/revisions"}],"predecessor-version":[{"id":1340,"href":"https:\/\/dentalmargic.hr\/en\/wp-json\/wp\/v2\/pages\/318\/revisions\/1340"}],"wp:attachment":[{"href":"https:\/\/dentalmargic.hr\/en\/wp-json\/wp\/v2\/media?parent=318"}],"curies":[{"name":"wp","href":"https:\/\/api.w.org\/{rel}","templated":true}]}}